{"id":46,"date":"2015-01-13T03:41:06","date_gmt":"2015-01-13T03:41:06","guid":{"rendered":"http:\/\/newsmartwave.net\/wordpress\/porto\/dummy\/?page_id=46"},"modified":"2024-10-16T21:33:38","modified_gmt":"2024-10-16T20:33:38","slug":"contacte-nos","status":"publish","type":"page","link":"https:\/\/test.redenergia.pt\/?page_id=46","title":{"rendered":"Contacte-nos"},"content":{"rendered":"<div class=\"wpb-content-wrapper\"><p>[vc_row][vc_column width=&#8221;1\/2&#8243;]<div class=\"wpforms-container wpforms-container-full wpforms-render-modern\" id=\"wpforms-4232\"><form id=\"wpforms-form-4232\" class=\"wpforms-validate wpforms-form wpforms-ajax-form\" data-formid=\"4232\" method=\"post\" enctype=\"multipart\/form-data\" action=\"\/index.php?rest_route=%2Fwp%2Fv2%2Fpages%2F46\" data-token=\"caae04424a3f5ad0759109f20623e06f\" data-token-time=\"1776514384\"><div class=\"wpforms-head-container\"><div class=\"wpforms-title\">Fale connosco!<\/div><\/div><noscript class=\"wpforms-error-noscript\">Please enable JavaScript in your browser to complete this form.<\/noscript><div class=\"wpforms-hidden\" id=\"wpforms-error-noscript\">Please enable JavaScript in your browser to complete this form.<\/div><div class=\"wpforms-field-container\"><div id=\"wpforms-4232-field_1-container\" class=\"wpforms-field wpforms-field-name\" data-field-id=\"1\"><label class=\"wpforms-field-label\" for=\"wpforms-4232-field_1\">Nome <span class=\"wpforms-required-label\" aria-hidden=\"true\">*<\/span><\/label><input type=\"text\" id=\"wpforms-4232-field_1\" class=\"wpforms-field-medium wpforms-field-required\" name=\"wpforms[fields][1]\" aria-errormessage=\"wpforms-4232-field_1-error\" required><\/div><div id=\"wpforms-4232-field_2-container\" class=\"wpforms-field wpforms-field-email\" data-field-id=\"2\"><label class=\"wpforms-field-label\" for=\"wpforms-4232-field_2\">Email <span class=\"wpforms-required-label\" aria-hidden=\"true\">*<\/span><\/label><input type=\"email\" id=\"wpforms-4232-field_2\" class=\"wpforms-field-medium wpforms-field-required\" name=\"wpforms[fields][2]\" spellcheck=\"false\" aria-errormessage=\"wpforms-4232-field_2-error\" required><\/div><div id=\"wpforms-4232-field_4-container\" class=\"wpforms-field wpforms-field-text\" data-field-id=\"4\"><label class=\"wpforms-field-label\" for=\"wpforms-4232-field_4\">Assunto <span class=\"wpforms-required-label\" aria-hidden=\"true\">*<\/span><\/label><input type=\"text\" id=\"wpforms-4232-field_4\" class=\"wpforms-field-large wpforms-field-required\" name=\"wpforms[fields][4]\" aria-errormessage=\"wpforms-4232-field_4-error\" required><\/div><div id=\"wpforms-4232-field_3-container\" class=\"wpforms-field wpforms-field-textarea\" data-field-id=\"3\"><label class=\"wpforms-field-label\" for=\"wpforms-4232-field_3\">Mensagem<\/label><textarea id=\"wpforms-4232-field_3\" class=\"wpforms-field-medium\" name=\"wpforms[fields][3]\" aria-errormessage=\"wpforms-4232-field_3-error\" ><\/textarea><\/div><div id=\"wpforms-4232-field_5-container\" class=\"wpforms-field wpforms-field-checkbox\" data-field-id=\"5\"><fieldset><legend class=\"wpforms-field-label\"> <span class=\"wpforms-required-label\" aria-hidden=\"true\">*<\/span><\/legend><ul id=\"wpforms-4232-field_5\" class=\"wpforms-field-required\"><li class=\"choice-1 depth-1\"><input type=\"checkbox\" id=\"wpforms-4232-field_5_1\" name=\"wpforms[fields][5][]\" value=\"Declaro estar de acordo com a Pol\u00edtica de Cookies e com a Pol\u00edtica de Privacidade e Seguran\u00e7a da Informa\u00e7\u00e3o.\" aria-errormessage=\"wpforms-4232-field_5_1-error\" required ><label class=\"wpforms-field-label-inline\" for=\"wpforms-4232-field_5_1\">Declaro estar de acordo com a Pol\u00edtica de Cookies e com a Pol\u00edtica de Privacidade e Seguran\u00e7a da Informa\u00e7\u00e3o.<\/label><\/li><\/ul><\/fieldset><\/div><\/div><!-- .wpforms-field-container -->\r\n\t\t\t<script>\r\n\t\t\tif ( typeof huOptions !== 'undefined' ) {\r\n\t\t\t\tvar huFormData = {\"source\":\"wpforms\",\"id\":4232,\"title\":\"Fale connosco!\",\"fields\":{\"subject\":{\"first_name\":\"\",\"last_name\":\"\"}}};\r\n\t\t\t\tvar huFormNode = document.querySelector( '[id=\"wpforms-4232\"] form' );\r\n\r\n\t\t\t\tvar firstName = huFormNode.querySelector( 'input.wpforms-field-name-first' );\r\n\t\t\t\tvar lastName = huFormNode.querySelector( 'input.wpforms-field-name-last' );\r\n\r\n\t\t\t\tif ( firstName )\r\n\t\t\t\t\thuFormData['fields']['subject']['first_name'] = firstName.getAttribute( 'name' );\r\n\r\n\t\t\t\tif ( lastName )\r\n\t\t\t\t\thuFormData['fields']['subject']['last_name'] = lastName.getAttribute( 'name' );\r\n\r\n\t\t\t\thuFormData['node'] = huFormNode;\r\n\t\t\t\thuOptions['forms'].push( huFormData );\r\n\t\t\t}\r\n\t\t\t<\/script><div class=\"wpforms-submit-container\" ><input type=\"hidden\" name=\"wpforms[id]\" value=\"4232\"><input type=\"hidden\" name=\"page_title\" value=\"\"><input type=\"hidden\" name=\"page_url\" value=\"https:\/\/test.redenergia.pt\/index.php?rest_route=%2Fwp%2Fv2%2Fpages%2F46\"><button type=\"submit\" name=\"wpforms[submit]\" id=\"wpforms-submit-4232\" class=\"wpforms-submit\" data-alt-text=\"A enviar...\" data-submit-text=\"Enviar\" aria-live=\"assertive\" value=\"wpforms-submit\">Enviar<\/button><img loading=\"lazy\" decoding=\"async\" src=\"https:\/\/test.redenergia.pt\/wp-content\/plugins\/wpforms-lite\/assets\/images\/submit-spin.svg\" class=\"wpforms-submit-spinner\" style=\"display: none;\" width=\"26\" height=\"26\" alt=\"Loading\"><\/div><\/form><\/div>  <!-- .wpforms-container -->[\/vc_column][vc_column width=&#8221;1\/2&#8243;][vc_column_text]<\/p>\n<ul class=\"list-unstyled\">\n<li><i class=\"fa fa-map-marker\"><\/i><strong> Morada: <\/strong>Zona Industrial do Salgueiro, Lote 23 Mangualde 3530-259 Portugal<\/li>\n<li><strong>Telefone fixo:<\/strong> +351 232109945<\/li>\n<li><strong>Fax:<\/strong> +351 232109948<\/li>\n<li><i class=\"fa fa-envelope\"><\/i> <strong>Email:<\/strong> <a href=\"mailto:geral@r3e.pt\">geral@r3e.pt<\/a><\/li>\n<li><i class=\"fa fa-map-marker\"><\/i><strong> Coordenadas: <\/strong> 40\u00b036&#8217;15.13&#8243;N; 7\u00b047&#8217;32.17&#8243;W<\/li>\n<\/ul>\n<hr \/>\n<p>[\/vc_column_text][\/vc_column][\/vc_row]<\/p>\n<\/div>","protected":false},"excerpt":{"rendered":"<p>[vc_row][vc_column width=&#8221;1\/2&#8243;][\/vc_column][vc_column width=&#8221;1\/2&#8243;][vc_column_text] Morada: Zona Industrial do Salgueiro, Lote 23 Mangualde 3530-259 Portugal Telefone fixo: +351 232109945 Fax: +351 232109948 Email: geral@r3e.pt Coordenadas: 40\u00b036&#8217;15.13&#8243;N; 7\u00b047&#8217;32.17&#8243;W [\/vc_column_text][\/vc_column][\/vc_row]<\/p>\n","protected":false},"author":1,"featured_media":0,"parent":0,"menu_order":0,"comment_status":"open","ping_status":"closed","template":"","meta":{"footnotes":""},"class_list":["post-46","page","type-page","status-publish","hentry"],"_links":{"self":[{"href":"https:\/\/test.redenergia.pt\/index.php?rest_route=\/wp\/v2\/pages\/46"}],"collection":[{"href":"https:\/\/test.redenergia.pt\/index.php?rest_route=\/wp\/v2\/pages"}],"about":[{"href":"https:\/\/test.redenergia.pt\/index.php?rest_route=\/wp\/v2\/types\/page"}],"author":[{"embeddable":true,"href":"https:\/\/test.redenergia.pt\/index.php?rest_route=\/wp\/v2\/users\/1"}],"replies":[{"embeddable":true,"href":"https:\/\/test.redenergia.pt\/index.php?rest_route=%2Fwp%2Fv2%2Fcomments&post=46"}],"version-history":[{"count":14,"href":"https:\/\/test.redenergia.pt\/index.php?rest_route=\/wp\/v2\/pages\/46\/revisions"}],"predecessor-version":[{"id":4245,"href":"https:\/\/test.redenergia.pt\/index.php?rest_route=\/wp\/v2\/pages\/46\/revisions\/4245"}],"wp:attachment":[{"href":"https:\/\/test.redenergia.pt\/index.php?rest_route=%2Fwp%2Fv2%2Fmedia&parent=46"}],"curies":[{"name":"wp","href":"https:\/\/api.w.org\/{rel}","templated":true}]}}