{"id":3325,"date":"2015-12-16T17:14:01","date_gmt":"2015-12-16T17:14:01","guid":{"rendered":"http:\/\/redocean.pt\/rede\/?page_id=3325"},"modified":"2021-02-02T15:33:08","modified_gmt":"2021-02-02T15:33:08","slug":"politica-de-seguranca","status":"publish","type":"page","link":"https:\/\/test.redenergia.pt\/?page_id=3325","title":{"rendered":"Pol\u00edtica de Seguran\u00e7a"},"content":{"rendered":"<div class=\"wpb-content-wrapper\"><p>[vc_row css=&#8221;.vc_custom_1432036142638{margin-left: 5% !important;}&#8221;][vc_column][vc_empty_space height=&#8221;30px&#8221;][vc_row_inner][vc_column_inner][vc_custom_heading text=&#8221;<strong>Pol\u00edtica de Seguran\u00e7a<\/strong>&#8221; google_fonts=&#8221;font_family:Open%20Sans%3A300%2C300italic%2Cregular%2Citalic%2C600%2C600italic%2C700%2C700italic%2C800%2C800italic|font_style:300%20light%20regular%3A300%3Anormal&#8221; el_class=&#8221;short&#8221;][vc_column_text]A pol\u00edtica de Seguran\u00e7a definida no seio do Agrupamento R3E assume como compromisso a responsabilidade de cumprir e fazer cumprir a Pol\u00edtica de Higiene e Seguran\u00e7a estabelecidas pelo Cliente E-Redes, assim como promover e garantir a realiza\u00e7\u00e3o das seguintes atividades:<\/p>\n<ul>\n<li>Cumprir a legisla\u00e7\u00e3o em vigor e outros procedimentos de seguran\u00e7a estabelecidos pela EDP, bem como a utiliza\u00e7\u00e3o e correto manuseamento dos equipamentos de prote\u00e7\u00e3o coletiva e individual;<\/li>\n<li>Promover a forma\u00e7\u00e3o e informa\u00e7\u00e3o de todos os trabalhadores, colaboradores e fornecedores, de forma a refor\u00e7ar progressivamente a Cultura da Seguran\u00e7a no \u00e2mbito das atividades desenvolvidas pelas Empresas parceiras da R3E;<\/li>\n<li>Identificar e avaliar os riscos para a seguran\u00e7a e sa\u00fade nos locais de trabalho e controlar periodicamente os riscos;<\/li>\n<li>Analisar todos os acidentes ou incidentes de trabalho ocorridos, de modo a determinar as suas causas e elaborar os respetivos relat\u00f3rios;<\/li>\n<li>Fomentar a comunica\u00e7\u00e3o dos Quase Acidentes junto de todos os intervenientes;<\/li>\n<li>Divulgar, junto de todos os intervenientes, todos os incidentes, acidentes e quase incidentes e as respetivas medidas de preven\u00e7\u00e3o;<\/li>\n<li>Promover a comunica\u00e7\u00e3o e colabora\u00e7\u00e3o com todas as partes intervenientes e interessadas na gest\u00e3o da seguran\u00e7a e sa\u00fade, de forma que cada um contribua para a sua efic\u00e1cia;<\/li>\n<li>Sensibilizar e envolver todos os colaboradores e Respons\u00e1veis das Empresas parceiras para uma conduta de seguran\u00e7a correta;<\/li>\n<li>Nenhuma situa\u00e7\u00e3o ou urg\u00eancia de servi\u00e7o pode justificar p\u00f4r em perigo a vida de algu\u00e9m.<\/li>\n<\/ul>\n<p>Tanto a Dire\u00e7\u00e3o Geral como toda a Administra\u00e7\u00e3o da R3E assumem a Pol\u00edtica de Seguran\u00e7a, definindo a Seguran\u00e7a e a Sa\u00fade de todos como um objetivo permanente e priorit\u00e1rio, para o desenvolvimento sustent\u00e1vel no crescimento e progresso das Empresas parceiras.[\/vc_column_text][\/vc_column_inner][\/vc_row_inner][\/vc_column][\/vc_row]<\/p>\n<\/div>","protected":false},"excerpt":{"rendered":"<p>[vc_row css=&#8221;.vc_custom_1432036142638{margin-left: 5% !important;}&#8221;][vc_column][vc_empty_space height=&#8221;30px&#8221;][vc_row_inner][vc_column_inner][vc_custom_heading text=&#8221;Pol\u00edtica de Seguran\u00e7a&#8221; google_fonts=&#8221;font_family:Open%20Sans%3A300%2C300italic%2Cregular%2Citalic%2C600%2C600italic%2C700%2C700italic%2C800%2C800italic|font_style:300%20light%20regular%3A300%3Anormal&#8221; el_class=&#8221;short&#8221;][vc_column_text]A pol\u00edtica de Seguran\u00e7a definida no seio do Agrupamento R3E assume como compromisso a responsabilidade de cumprir e fazer cumprir a Pol\u00edtica de Higiene e Seguran\u00e7a estabelecidas pelo Cliente E-Redes, assim como promover e garantir a realiza\u00e7\u00e3o das seguintes atividades: Cumprir a legisla\u00e7\u00e3o em vigor e [&hellip;]<\/p>\n","protected":false},"author":1,"featured_media":0,"parent":0,"menu_order":0,"comment_status":"open","ping_status":"open","template":"","meta":{"footnotes":""},"class_list":["post-3325","page","type-page","status-publish","hentry"],"_links":{"self":[{"href":"https:\/\/test.redenergia.pt\/index.php?rest_route=\/wp\/v2\/pages\/3325"}],"collection":[{"href":"https:\/\/test.redenergia.pt\/index.php?rest_route=\/wp\/v2\/pages"}],"about":[{"href":"https:\/\/test.redenergia.pt\/index.php?rest_route=\/wp\/v2\/types\/page"}],"author":[{"embeddable":true,"href":"https:\/\/test.redenergia.pt\/index.php?rest_route=\/wp\/v2\/users\/1"}],"replies":[{"embeddable":true,"href":"https:\/\/test.redenergia.pt\/index.php?rest_route=%2Fwp%2Fv2%2Fcomments&post=3325"}],"version-history":[{"count":7,"href":"https:\/\/test.redenergia.pt\/index.php?rest_route=\/wp\/v2\/pages\/3325\/revisions"}],"predecessor-version":[{"id":4194,"href":"https:\/\/test.redenergia.pt\/index.php?rest_route=\/wp\/v2\/pages\/3325\/revisions\/4194"}],"wp:attachment":[{"href":"https:\/\/test.redenergia.pt\/index.php?rest_route=%2Fwp%2Fv2%2Fmedia&parent=3325"}],"curies":[{"name":"wp","href":"https:\/\/api.w.org\/{rel}","templated":true}]}}