{"id":3318,"date":"2015-12-16T16:25:09","date_gmt":"2015-12-16T16:25:09","guid":{"rendered":"http:\/\/redocean.pt\/rede\/?page_id=3318"},"modified":"2021-02-02T15:31:35","modified_gmt":"2021-02-02T15:31:35","slug":"o-cliente","status":"publish","type":"page","link":"https:\/\/test.redenergia.pt\/?page_id=3318","title":{"rendered":"O Cliente"},"content":{"rendered":"<div class=\"wpb-content-wrapper\"><p>[vc_row][vc_column][vc_empty_space height=&#8221;60px&#8221;][\/vc_column][\/vc_row][vc_row][vc_column]<div class=\"porto-container container \"><h2 class=\"uvc-type-wrap short m-b-sm uvc-type-align-center  uvc-wrap-129311311369e38ee80e3b5\" style=\"font-family:'Open Sans';font-weight:300;text-align:center;\"><span class=\"ultimate-ticker-prefix\">O Nosso Cliente<\/span><div id=\"vticker-129311311369e38ee80e3b5\" class=\"ultimate-vticker ticker  \" style=\"color:#d2251d;\"><ul><li style=\"opacity:1\">&nbsp;E-Redes<\/li><\/ul><\/div><script type=\"text\/javascript\">\n\t\t\t\t\t\tjQuery(function($){\n\t\t\t\t\t\t\t\t$(\"#vticker-129311311369e38ee80e3b5\").find(\"li\").css(\"opacity\",\"1\");\n\t\t\t\t\t\t\t\t$(\"#vticker-129311311369e38ee80e3b5\")\n\t\t\t\t\t\t\t\t\t.vTicker(\n\t\t\t\t\t\t\t\t\t{\n\t\t\t\t\t\t\t\t\t\tspeed: 200,\n\t\t\t\t\t\t\t\t\t\tshowItems: 1,\n\t\t\t\t\t\t\t\t\t\tpause: 3000,\n\t\t\t\t\t\t\t\t\t\tmousePause : true,\n\t\t\t\t\t\t\t\t\t\tdirection: \"up\",\n\t\t\t\t\t\t\t\t\t}\n\t\t\t\t\t\t\t\t);\n\t\t\t\t\t\t});\n\t\t\t\t\t<\/script><\/h2><div id=\"ult-carousel-2238771169e38ee80e5a5\" class=\"ult-carousel-wrapper ult_horizontal\" data-gutter=\"15\" data-rtl=\"false\"><div class=\"ult-carousel-28971450269e38ee80e436 \">[vc_single_image image=&#8221;4186&#8243; img_size=&#8221;medium&#8221; alignment=&#8221;center&#8221; onclick=&#8221;custom_link&#8221; img_link_target=&#8221;_blank&#8221; link=&#8221;https:\/\/www.e-redes.pt\/pt-pt&#8221;]<\/div><\/div>            <script type=\"text\/javascript\">\n\t\t\t\tjQuery(document).ready(function($){\n               \t\t$('.ult-carousel-28971450269e38ee80e436').slick({dots: true,autoplay: true,autoplaySpeed: 5000,speed: 300,infinite: true,arrows: false,slidesToScroll:1,slidesToShow:1,swipe: true,draggable: true,touchMove: true,responsive: [\n\t\t\t\t\t\t\t{\n\t\t\t\t\t\t\t  breakpoint: 1025,\n\t\t\t\t\t\t\t  settings: {\n\t\t\t\t\t\t\t\tslidesToShow: 1,\n\t\t\t\t\t\t\t\tslidesToScroll: 1,  \n\t\t\t\t\t\t\t  }\n\t\t\t\t\t\t\t},\n\t\t\t\t\t\t\t{\n\t\t\t\t\t\t\t  breakpoint: 769,\n\t\t\t\t\t\t\t  settings: {\n\t\t\t\t\t\t\t\tslidesToShow: 3,\n\t\t\t\t\t\t\t\tslidesToScroll: 3\n\t\t\t\t\t\t\t  }\n\t\t\t\t\t\t\t},\n\t\t\t\t\t\t\t{\n\t\t\t\t\t\t\t  breakpoint: 481,\n\t\t\t\t\t\t\t  settings: {\n\t\t\t\t\t\t\t\tslidesToShow: 2,\n\t\t\t\t\t\t\t\tslidesToScroll: 2\n\t\t\t\t\t\t\t  }\n\t\t\t\t\t\t\t}\n\t\t\t\t\t\t],pauseOnHover: true,\n\t\t\t\t\t\tpauseOnDotsHover: true,customPaging: function(slider, i) {\n                   return '<i type=\"button\" style=\"color:#333333;\" class=\"ultsl-record\" data-role=\"none\"><\/i>';\n                },});\n\t\t\t\t});\n\t\t\t<\/script>\n            [vc_custom_heading text=&#8221;A E-Redes \u00e9 a empresa que exerce a atividade de Operador de Rede de Distribui\u00e7\u00e3o, no territ\u00f3rio continental de Portugal, uma atividade regulada pela Entidade Reguladora dos Servi\u00e7os Energ\u00e9ticos (ERSE), sendo titular da concess\u00e3o para a explora\u00e7\u00e3o da Rede Nacional de Distribui\u00e7\u00e3o (RND) de Energia El\u00e9ctrica em M\u00e9dia Tens\u00e3o (MT) e Alta Tens\u00e3o (AT), e das concess\u00f5es municipais de distribui\u00e7\u00e3o de energia el\u00e9ctrica em Baixa Tens\u00e3o (BT). <\/br><\/p>\n<p>A distribui\u00e7\u00e3o de energia el\u00e9trica \u00e9 o nosso centro de atua\u00e7\u00e3o, a qual \u00e9 pautada por elevados padr\u00f5es de qualidade e efici\u00eancia, independ\u00eancia e transpar\u00eancia, consagrados no C\u00f3digo de Conduta da Empresa.<\/br><\/p>\n<p>Liga\u00e7\u00f5es \u00e0 Rede El\u00e9trica; <\/br>Assist\u00eancia T\u00e9cnica \u00e0 Rede e Clientes; <\/br>Apoio na escolha de Solu\u00e7\u00f5es Energ\u00e9ticas Eficientes e Leitura de equipamentos de contagem s\u00e3o alguns dos servi\u00e7os prestados pela E-Redes.<\/br><br \/>\n<\/br><br \/>\n<b>Dados da Sociedade<\/b><\/br><\/p>\n<p>Sede: Rua Camilo Castelo Branco, 43, 1050-044 Lisboa<br \/>\nMatriculada na Conservat\u00f3ria do Registo Comercial de Lisboa, com o n\u00famero de matr\u00edcula e de pessoa colectiva 504 394 029&#8243; font_container=&#8221;tag:p|text_align:left&#8221; google_fonts=&#8221;font_family:Open%20Sans%3A300%2C300italic%2Cregular%2Citalic%2C600%2C600italic%2C700%2C700italic%2C800%2C800italic|font_style:400%20regular%3A400%3Anormal&#8221;][vc_empty_space height=&#8221;35px&#8221;]<\/div>\n[\/vc_column][\/vc_row]<\/p>\n<\/div>","protected":false},"excerpt":{"rendered":"<p>[vc_row][vc_column][vc_empty_space height=&#8221;60px&#8221;][\/vc_column][\/vc_row][vc_row][vc_column][\/vc_column][\/vc_row]<\/p>\n","protected":false},"author":1,"featured_media":0,"parent":0,"menu_order":0,"comment_status":"open","ping_status":"open","template":"","meta":{"footnotes":""},"class_list":["post-3318","page","type-page","status-publish","hentry"],"_links":{"self":[{"href":"https:\/\/test.redenergia.pt\/index.php?rest_route=\/wp\/v2\/pages\/3318"}],"collection":[{"href":"https:\/\/test.redenergia.pt\/index.php?rest_route=\/wp\/v2\/pages"}],"about":[{"href":"https:\/\/test.redenergia.pt\/index.php?rest_route=\/wp\/v2\/types\/page"}],"author":[{"embeddable":true,"href":"https:\/\/test.redenergia.pt\/index.php?rest_route=\/wp\/v2\/users\/1"}],"replies":[{"embeddable":true,"href":"https:\/\/test.redenergia.pt\/index.php?rest_route=%2Fwp%2Fv2%2Fcomments&post=3318"}],"version-history":[{"count":11,"href":"https:\/\/test.redenergia.pt\/index.php?rest_route=\/wp\/v2\/pages\/3318\/revisions"}],"predecessor-version":[{"id":4193,"href":"https:\/\/test.redenergia.pt\/index.php?rest_route=\/wp\/v2\/pages\/3318\/revisions\/4193"}],"wp:attachment":[{"href":"https:\/\/test.redenergia.pt\/index.php?rest_route=%2Fwp%2Fv2%2Fmedia&parent=3318"}],"curies":[{"name":"wp","href":"https:\/\/api.w.org\/{rel}","templated":true}]}}