{"id":2774,"date":"2015-05-05T15:19:32","date_gmt":"2015-05-05T15:19:32","guid":{"rendered":"http:\/\/smartwavethemes.net\/porto_dummy\/?page_id=2668"},"modified":"2024-10-18T09:13:12","modified_gmt":"2024-10-18T08:13:12","slug":"home-version-11-2","status":"publish","type":"page","link":"https:\/\/test.redenergia.pt\/","title":{"rendered":"Home REDE"},"content":{"rendered":"<div class=\"wpb-content-wrapper\"><p>[vc_row][vc_column][vc_empty_space][vc_hoverbox image=&#8221;4314&#8243; primary_title=&#8221;Quem somos?&#8221; hover_title=&#8221;Quem somos?&#8221;]<\/p>\r\n<p><!-- \/wp:image -->A R3E \u2013 Empresas de Energia, ACE surge na sequ\u00eancia da Qualifica\u00e7\u00e3o no concurso para a E-REDES e \u00e9 composta pelas Empresas HELENOS, SA e BARATA &amp; MARCELINO, SA.<\/p>\r\n<p><!-- wp:paragraph {\"fontSize\":\"small\"} --><!-- \/wp:paragraph -->\u00a0A sua estrutura organizativa foi implementada para fazer face ao Contrato Adjudicado pela E-REDES e assegurar todos os trabalhos nos Concelhos atribu\u00eddos.<\/p>\r\n<p><!-- wp:paragraph {\"fontSize\":\"small\"} --><!-- \/wp:paragraph -->\u00a0A R3E tem sede na Zona Industrial de Mangualde e cobre uma \u00e1rea geogr\u00e1fica de cerca 10.622 Km2.<\/p>\r\n<p><!-- wp:paragraph {\"fontSize\":\"small\"} --><!-- \/wp:paragraph -->Em cada uma das \u00e1reas geogr\u00e1ficas dos contratos as Empresas Agrupadas marcam presen\u00e7a, executando um conjunto de actividades em todos os Concelhos ou, realizando apenas algumas actividades, num determinado n\u00famero de Concelhos. Temos instala\u00e7\u00f5es pr\u00f3prias, alugadas ou perten\u00e7a dos nossos parceiros contratados, nas seguintes localidades: Mangualde; Castelo Branco; Coimbra; Ferreira-a-Nova; Covilh\u00e3; Oliveira do Hospital; Lous\u00e3 e Guarda.<\/p>\r\n<p>[\/vc_hoverbox][vc_empty_space height=&#8221;26px&#8221;][\/vc_column][\/vc_row][vc_row][vc_column][vc_separator color=&#8221;black&#8221; border_width=&#8221;10&#8243; css=&#8221;&#8221; gradient=&#8221;&#8221; gap=&#8221;taller&#8221;][\/vc_column][\/vc_row][vc_row][vc_column]<div class=\"porto-container container \"><div class=\"porto-block \">[vc_row][vc_column el_class=\"info-box-small-wrap\"][vc_custom_heading text=\"Carta de <strong>Princ\u00edpios e Valores<\/strong>\" google_fonts=\"font_family:Open%20Sans%3A300%2C300italic%2Cregular%2Citalic%2C600%2C600italic%2C700%2C700italic%2C800%2C800italic|font_style:300%20light%20regular%3A300%3Anormal\" css=\"\"][vc_row_inner][vc_column_inner width=\"1\/3\"][vc_single_image image=\"4317\" img_size=\"large\" alignment=\"center\" css=\"\"][\/vc_column_inner][vc_column_inner width=\"1\/3\"]<div class=\"aio-icon-component   style_1\"><div class=\"aio-icon-box left-icon\" style=\"\"  ><div class=\"aio-ibd-block\"><div class=\"aio-icon-header\"><h3 class=\"aio-icon-title\" style=\"color:#7a7a7a;\"><b>1.<\/b> Atuamos com empenho para refor\u00e7ar o esp\u00edrito da nossa parceria<\/h3><\/div> <!-- header --><\/div> <!-- aio-ibd-block --><\/div> <!-- aio-icon-box --><\/div> <!-- aio-icon-component --><div class=\"aio-icon-component   style_1\"><div class=\"aio-icon-box left-icon\" style=\"\"  ><div class=\"aio-ibd-block\"><div class=\"aio-icon-header\"><h3 class=\"aio-icon-title\" style=\"color:#7a7a7a;\"><b>1.<\/b> Atuamos com empenho para refor\u00e7ar o esp\u00edrito da nossa parceria<\/h3><\/div> <!-- header --><\/div> <!-- aio-ibd-block --><\/div> <!-- aio-icon-box --><\/div> <!-- aio-icon-component --><div class=\"aio-icon-component   style_1\"><div class=\"aio-icon-box left-icon\" style=\"\"  ><div class=\"aio-ibd-block\"><div class=\"aio-icon-header\"><h3 class=\"aio-icon-title\" style=\"color:#7a7a7a;\"><b>2.<\/b> Gerimos proativamente os riscos ambientais e de seguran\u00e7a<\/h3><\/div> <!-- header --><\/div> <!-- aio-ibd-block --><\/div> <!-- aio-icon-box --><\/div> <!-- aio-icon-component --><div class=\"aio-icon-component   style_1\"><div class=\"aio-icon-box left-icon\" style=\"\"  ><div class=\"aio-ibd-block\"><div class=\"aio-icon-header\"><h3 class=\"aio-icon-title\" style=\"color:#7a7a7a;\"><b>3.<\/b> Representamos bem a E-Redes na intera\u00e7\u00e3o com os Stakeholders<\/h3><\/div> <!-- header --><\/div> <!-- aio-ibd-block --><\/div> <!-- aio-icon-box --><\/div> <!-- aio-icon-component --><div class=\"aio-icon-component   style_1\"><div class=\"aio-icon-box left-icon\" style=\"\"  ><div class=\"aio-ibd-block\"><div class=\"aio-icon-header\"><h3 class=\"aio-icon-title\" style=\"color:#7a7a7a;\"><b>4.<\/b> Planeamos executamos e monitorizamos para alcan\u00e7ar a m\u00e1xima efici\u00eancia<\/h3><\/div> <!-- header --><\/div> <!-- aio-ibd-block --><\/div> <!-- aio-icon-box --><\/div> <!-- aio-icon-component --><div class=\"aio-icon-component   style_1\"><div class=\"aio-icon-box left-icon\" style=\"\"  ><div class=\"aio-ibd-block\"><div class=\"aio-icon-header\"><h3 class=\"aio-icon-title\" style=\"color:#7a7a7a;\"><b>5.<\/b> Asseguramos a qualidade na execu\u00e7\u00e3o dos trabalhos<\/h3><\/div> <!-- header --><\/div> <!-- aio-ibd-block --><\/div> <!-- aio-icon-box --><\/div> <!-- aio-icon-component -->[\/vc_column_inner][vc_column_inner width=\"1\/3\"]<div class=\"aio-icon-component   style_1\"><div class=\"aio-icon-box left-icon\" style=\"\"  ><div class=\"aio-ibd-block\"><div class=\"aio-icon-header\"><h3 class=\"aio-icon-title\" style=\"color:#7a7a7a;\"><b>7.<\/b> Agimos com integridade garantindo a confidencialidade da informa\u00e7\u00e3o<\/h3><\/div> <!-- header --><\/div> <!-- aio-ibd-block --><\/div> <!-- aio-icon-box --><\/div> <!-- aio-icon-component --><div class=\"aio-icon-component   style_1\"><div class=\"aio-icon-box left-icon\" style=\"\"  ><div class=\"aio-ibd-block\"><div class=\"aio-icon-header\"><h3 class=\"aio-icon-title\" style=\"color:#7a7a7a;\"><b>6.<\/b> Cumprimos rigorosamente os prazos de execu\u00e7\u00e3o<\/h3><\/div> <!-- header --><\/div> <!-- aio-ibd-block --><\/div> <!-- aio-icon-box --><\/div> <!-- aio-icon-component --><div class=\"aio-icon-component   style_1\"><div class=\"aio-icon-box left-icon\" style=\"\"  ><div class=\"aio-ibd-block\"><div class=\"aio-icon-header\"><h3 class=\"aio-icon-title\" style=\"color:#7a7a7a;\"><b>8.<\/b> Comunicamos com transpar\u00eancia e rigor ao longo de toda a cadeia<\/h3><\/div> <!-- header --><\/div> <!-- aio-ibd-block --><\/div> <!-- aio-icon-box --><\/div> <!-- aio-icon-component --><div class=\"aio-icon-component   style_1\"><div class=\"aio-icon-box left-icon\" style=\"\"  ><div class=\"aio-ibd-block\"><div class=\"aio-icon-header\"><h3 class=\"aio-icon-title\" style=\"color:#7a7a7a;\"><b>9.<\/b> Investimos na capta\u00e7\u00e3o, desenvolvimento e qualifica\u00e7\u00e3o das pessoas<\/h3><\/div> <!-- header --><\/div> <!-- aio-ibd-block --><\/div> <!-- aio-icon-box --><\/div> <!-- aio-icon-component --><div class=\"aio-icon-component   style_1\"><div class=\"aio-icon-box left-icon\" style=\"\"  ><div class=\"aio-ibd-block\"><div class=\"aio-icon-header\"><h3 class=\"aio-icon-title\" style=\"color:#7a7a7a;\"><b>10.<\/b> Otimizamos e inovamos os processos e os procedimentos<\/h3><\/div> <!-- header --><\/div> <!-- aio-ibd-block --><\/div> <!-- aio-icon-box --><\/div> <!-- aio-icon-component -->[\/vc_column_inner][\/vc_row_inner][\/vc_column][\/vc_row]<\/div>\n[vc_empty_space]<\/div>\n[\/vc_column][\/vc_row]<\/p><\/div>","protected":false},"excerpt":{"rendered":"<p>[vc_row][vc_column][vc_empty_space][vc_hoverbox image=&#8221;4314&#8243; primary_title=&#8221;Quem somos?&#8221; hover_title=&#8221;Quem somos?&#8221;] A R3E \u2013 Empresas de Energia, ACE surge na sequ\u00eancia da Qualifica\u00e7\u00e3o no concurso para a E-REDES e \u00e9 composta pelas Empresas HELENOS, SA e BARATA &amp; MARCELINO, SA. \u00a0A sua estrutura organizativa foi implementada para fazer face ao Contrato Adjudicado pela E-REDES e assegurar todos os trabalhos nos [&hellip;]<\/p>\n","protected":false},"author":1,"featured_media":0,"parent":0,"menu_order":0,"comment_status":"open","ping_status":"open","template":"","meta":{"footnotes":""},"class_list":["post-2774","page","type-page","status-publish","hentry"],"_links":{"self":[{"href":"https:\/\/test.redenergia.pt\/index.php?rest_route=\/wp\/v2\/pages\/2774"}],"collection":[{"href":"https:\/\/test.redenergia.pt\/index.php?rest_route=\/wp\/v2\/pages"}],"about":[{"href":"https:\/\/test.redenergia.pt\/index.php?rest_route=\/wp\/v2\/types\/page"}],"author":[{"embeddable":true,"href":"https:\/\/test.redenergia.pt\/index.php?rest_route=\/wp\/v2\/users\/1"}],"replies":[{"embeddable":true,"href":"https:\/\/test.redenergia.pt\/index.php?rest_route=%2Fwp%2Fv2%2Fcomments&post=2774"}],"version-history":[{"count":108,"href":"https:\/\/test.redenergia.pt\/index.php?rest_route=\/wp\/v2\/pages\/2774\/revisions"}],"predecessor-version":[{"id":4321,"href":"https:\/\/test.redenergia.pt\/index.php?rest_route=\/wp\/v2\/pages\/2774\/revisions\/4321"}],"wp:attachment":[{"href":"https:\/\/test.redenergia.pt\/index.php?rest_route=%2Fwp%2Fv2%2Fmedia&parent=2774"}],"curies":[{"name":"wp","href":"https:\/\/api.w.org\/{rel}","templated":true}]}}