{"id":162,"date":"2015-01-14T08:19:58","date_gmt":"2015-01-14T08:19:58","guid":{"rendered":"http:\/\/newsmartwave.net\/wordpress\/porto\/dummy\/?page_id=162"},"modified":"2024-10-16T13:10:08","modified_gmt":"2024-10-16T12:10:08","slug":"about-us","status":"publish","type":"page","link":"https:\/\/test.redenergia.pt\/?page_id=162","title":{"rendered":"Servi\u00e7os"},"content":{"rendered":"<div class=\"wpb-content-wrapper\"><p>[vc_row][vc_column][vc_empty_space]<div class=\"porto-container container \"><h2 class=\"uvc-type-wrap short uvc-type-align-center  uvc-wrap-141667355469e3749fe59a9\" style=\"font-family:'Open Sans';font-weight:300;line-height:46px;text-align:center;\"><span class=\"ultimate-ticker-prefix\">Pedidos de Liga\u00e7\u00e3o \u00e0 Rede (PLR)<\/span><div id=\"vticker-141667355469e3749fe59a9\" class=\"ultimate-vticker ticker fancytext-background-enabled \" style=\"color:#ffffff;background:#dd0000;\"><ul><li style=\"opacity:1\"><\/li><\/ul><\/div><script type=\"text\/javascript\">\n\t\t\t\t\t\tjQuery(function($){\n\t\t\t\t\t\t\t\t$(\"#vticker-141667355469e3749fe59a9\").find(\"li\").css(\"opacity\",\"1\");\n\t\t\t\t\t\t\t\t$(\"#vticker-141667355469e3749fe59a9\")\n\t\t\t\t\t\t\t\t\t.vTicker(\n\t\t\t\t\t\t\t\t\t{\n\t\t\t\t\t\t\t\t\t\tspeed: 200,\n\t\t\t\t\t\t\t\t\t\tshowItems: 1,\n\t\t\t\t\t\t\t\t\t\tpause: 3000,\n\t\t\t\t\t\t\t\t\t\tmousePause : true,\n\t\t\t\t\t\t\t\t\t\tdirection: \"up\",\n\t\t\t\t\t\t\t\t\t}\n\t\t\t\t\t\t\t\t);\n\t\t\t\t\t\t});\n\t\t\t\t\t<\/script><\/h2>[vc_column_text]As condi\u00e7\u00f5es comerciais para o estabelecimento das liga\u00e7\u00f5es \u00e0s redes foram alteradas em novembro de 2012, tendo havido um per\u00edodo transit\u00f3rio at\u00e9 12 de maio de 2013. A regulamenta\u00e7\u00e3o aplic\u00e1vel, em vigor a partir de 13 de maio de 2013 consta do Regulamento de Rela\u00e7\u00f5es Comerciais, aprovado pela <a href=\"http:\/\/www.erse.pt\/pt\/Paginas\/home.aspx\" target=\"_blank\" rel=\"noopener\">ERSE<\/a> com a publica\u00e7\u00e3o do <a href=\"http:\/\/www.erse.pt\/pt\/legislacao\/Legislacao\/Attachments\/1649\/Regulamento%20468_2012.pdf\" target=\"_blank\" rel=\"noopener\">Regulamento n\u00ba 468\/2012<\/a> e <a href=\"http:\/\/www.erse.pt\/pt\/legislacao\/Legislacao\/Attachments\/1648\/Diretiva%2018_2012.pdf\" target=\"_blank\" rel=\"noopener\">Directiva n\u00ba 18\/2012<\/a>. O Cap\u00edtulo X trata especificamente das Liga\u00e7\u00f5es \u00e0 Rede El\u00e9trica.<\/p>\n<p>Al\u00e9m dos Servi\u00e7os englobados no Contrato de Empreitada Cont\u00ednua para a E-Redes, a R3E presta tamb\u00e9m outros servi\u00e7os tais como PLR (Pedidos de Liga\u00e7\u00e3o \u00e0 Rede), os quais s\u00e3o executados pelas Empresas Agrupadas ou pelas SubContratadas que fazem parte do <a href=\"..\/empresas_agrupamento\/\">Grupo R3E<\/a>.<\/p>\n<p>Para contactar a Empresa do Concelho espec\u00edfico e pedir um or\u00e7amento para a execu\u00e7\u00e3o do ramal, utilize os contactos indicados em baixo:[\/vc_column_text][vc_separator color=&#8221;custom&#8221; gap=&#8221;taller&#8221;][vc_row_inner][vc_column_inner width=&#8221;1\/3&#8243;]<div class=\"aio-icon-component   style_1\"><div class=\"aio-icon-box left-icon\" style=\"\"  ><div class=\"aio-icon-left\"><div class=\"ult-just-icon-wrapper \"><div class=\"align-icon\" style=\"text-align:center;\">\n<div class=\"aio-icon none \"  style=\"color:#0088cc;font-size:28px;display:inline-block;\">\n\t<i class=\"Defaults-sitemap\"><\/i>\n<\/div><\/div><\/div><\/div><div class=\"aio-ibd-block\"><div class=\"aio-icon-header\"><h3 class=\"aio-icon-title\" style=\"color:#0e0e0e;\">Barata &amp; Marcelino<\/h3><\/div> <!-- header --><div class=\"aio-icon-description\" style=\"\"><a href=\"https:\/\/www.barataemarcelino.pt\/\"><strong>Barata e Marcelino<\/strong><\/a><\/div> <!-- description --><\/div> <!-- aio-ibd-block --><\/div> <!-- aio-icon-box --><\/div> <!-- aio-icon-component -->[\/vc_column_inner][vc_column_inner width=&#8221;1\/3&#8243;]<div class=\"aio-icon-component   style_1\"><div class=\"aio-icon-box left-icon\" style=\"\"  ><div class=\"aio-icon-left\"><div class=\"ult-just-icon-wrapper \"><div class=\"align-icon\" style=\"text-align:center;\">\n<div class=\"aio-icon none \"  style=\"color:#0088cc;font-size:28px;display:inline-block;\">\n\t<i class=\"Defaults-sitemap\"><\/i>\n<\/div><\/div><\/div><\/div><div class=\"aio-ibd-block\"><div class=\"aio-icon-header\"><h3 class=\"aio-icon-title\" style=\"color:#0e0e0e;\">Helenos<\/h3><\/div> <!-- header --><div class=\"aio-icon-description\" style=\"\"><strong><a href=\"https:\/\/www.helenos.com.pt\/\">Helenos, SA<\/a><br \/>\n<\/strong><\/div> <!-- description --><\/div> <!-- aio-ibd-block --><\/div> <!-- aio-icon-box --><\/div> <!-- aio-icon-component -->[\/vc_column_inner][vc_column_inner width=&#8221;1\/3&#8243;]<div class=\"aio-icon-component   style_1\"><div class=\"aio-icon-box left-icon\" style=\"\"  ><div class=\"aio-icon-left\"><div class=\"ult-just-icon-wrapper \"><div class=\"align-icon\" style=\"text-align:center;\">\n<div class=\"aio-icon none \"  style=\"color:#0088cc;font-size:28px;display:inline-block;\">\n\t<i class=\"Defaults-sitemap\"><\/i>\n<\/div><\/div><\/div><\/div><div class=\"aio-ibd-block\"><div class=\"aio-icon-header\"><h3 class=\"aio-icon-title\" style=\"color:#0e0e0e;\">Socorreias<\/h3><\/div> <!-- header --><div class=\"aio-icon-description\" style=\"\"><a href=\"https:\/\/socorreias.com\/\"><strong>Socorreias<\/strong><\/a><\/div> <!-- description --><\/div> <!-- aio-ibd-block --><\/div> <!-- aio-icon-box --><\/div> <!-- aio-icon-component -->[\/vc_column_inner][\/vc_row_inner][vc_column_text]Pode ainda contactar a R3E atrav\u00e9s dos contactos em baixo, a qual enviar\u00e1 o pedido de contacto \u00e0 Empresa respectiva da zona.[\/vc_column_text][vc_row_inner][vc_column_inner width=&#8221;1\/3&#8243;]<div class=\"aio-icon-component   style_1\"><div class=\"aio-icon-box left-icon\" style=\"\"  ><div class=\"aio-icon-left\"><div class=\"ult-just-icon-wrapper \"><div class=\"align-icon\" style=\"text-align:center;\">\n<div class=\"aio-icon none \"  style=\"color:#0088cc;font-size:28px;display:inline-block;\">\n\t<i class=\"Defaults-bank\"><\/i>\n<\/div><\/div><\/div><\/div><div class=\"aio-ibd-block\"><div class=\"aio-icon-header\"><h3 class=\"aio-icon-title\" style=\"color:#0e0e0e;\">R3E, ACE<\/h3><\/div> <!-- header --><div class=\"aio-icon-description\" style=\"\"><strong>Email<\/strong>: <span id=\"cloak4193\"><a href=\"mailto:geral@redenergia.pt\">geral@redenergia.pt<\/a><\/span><\/p>\n<p><strong>Telefone<\/strong>: 232 109 945<\/div> <!-- description --><\/div> <!-- aio-ibd-block --><\/div> <!-- aio-icon-box --><\/div> <!-- aio-icon-component -->[\/vc_column_inner][vc_column_inner width=&#8221;1\/3&#8243;][\/vc_column_inner][vc_column_inner width=&#8221;1\/3&#8243;][\/vc_column_inner][\/vc_row_inner][vc_empty_space height=&#8221;30px&#8221;]<\/div>\n[vc_empty_space height=&#8221;30px&#8221;][\/vc_column][\/vc_row][vc_row][vc_column][\/vc_column][\/vc_row]<\/p>\n<\/div>","protected":false},"excerpt":{"rendered":"<p>[vc_row][vc_column][vc_empty_space][vc_empty_space height=&#8221;30px&#8221;][\/vc_column][\/vc_row][vc_row][vc_column][\/vc_column][\/vc_row]<\/p>\n","protected":false},"author":1,"featured_media":0,"parent":0,"menu_order":0,"comment_status":"open","ping_status":"open","template":"","meta":{"footnotes":""},"class_list":["post-162","page","type-page","status-publish","hentry"],"_links":{"self":[{"href":"https:\/\/test.redenergia.pt\/index.php?rest_route=\/wp\/v2\/pages\/162"}],"collection":[{"href":"https:\/\/test.redenergia.pt\/index.php?rest_route=\/wp\/v2\/pages"}],"about":[{"href":"https:\/\/test.redenergia.pt\/index.php?rest_route=\/wp\/v2\/types\/page"}],"author":[{"embeddable":true,"href":"https:\/\/test.redenergia.pt\/index.php?rest_route=\/wp\/v2\/users\/1"}],"replies":[{"embeddable":true,"href":"https:\/\/test.redenergia.pt\/index.php?rest_route=%2Fwp%2Fv2%2Fcomments&post=162"}],"version-history":[{"count":37,"href":"https:\/\/test.redenergia.pt\/index.php?rest_route=\/wp\/v2\/pages\/162\/revisions"}],"predecessor-version":[{"id":4209,"href":"https:\/\/test.redenergia.pt\/index.php?rest_route=\/wp\/v2\/pages\/162\/revisions\/4209"}],"wp:attachment":[{"href":"https:\/\/test.redenergia.pt\/index.php?rest_route=%2Fwp%2Fv2%2Fmedia&parent=162"}],"curies":[{"name":"wp","href":"https:\/\/api.w.org\/{rel}","templated":true}]}}